{"id":2305,"date":"2024-02-23T12:32:26","date_gmt":"2024-02-23T12:32:26","guid":{"rendered":"https:\/\/staging.srmab.com\/home\/"},"modified":"2024-02-27T14:19:50","modified_gmt":"2024-02-27T14:19:50","slug":"hem","status":"publish","type":"page","link":"https:\/\/staging.srmab.com\/en\/","title":{"rendered":"Home"},"content":{"rendered":"<div class=\"fusion-fullwidth fullwidth-box fusion-builder-row-1 fusion-flex-container has-pattern-background has-mask-background fusion-parallax-none post-background-startpage nonhundred-percent-fullwidth non-hundred-percent-height-scrolling\" style=\"--awb-border-radius-top-left:0px;--awb-border-radius-top-right:0px;--awb-border-radius-bottom-right:0px;--awb-border-radius-bottom-left:0px;--awb-padding-top:381px;--awb-margin-top:-381px;--awb-background-image:url(&quot;https:\/\/staging.srmab.com\/wp-content\/uploads\/2024\/01\/Rectangle-8.png&quot;);--awb-background-size:cover;--awb-flex-wrap:wrap;\" ><div class=\"fusion-builder-row fusion-row fusion-flex-align-items-flex-start fusion-flex-justify-content-center fusion-flex-content-wrap\" style=\"max-width:2059.2px;margin-left: calc(-4% \/ 2 );margin-right: calc(-4% \/ 2 );\"><div class=\"fusion-layout-column fusion_builder_column fusion-builder-column-0 fusion_builder_column_1_1 1_1 fusion-flex-column content-large\" style=\"--awb-padding-top:100px;--awb-padding-bottom:100px;--awb-padding-top-small:59px;--awb-padding-bottom-small:67px;--awb-bg-size:cover;--awb-width-large:100%;--awb-margin-top-large:0px;--awb-spacing-right-large:1.92%;--awb-margin-bottom-large:0px;--awb-spacing-left-large:1.92%;--awb-width-medium:100%;--awb-order-medium:0;--awb-spacing-right-medium:1.92%;--awb-spacing-left-medium:1.92%;--awb-width-small:100%;--awb-order-small:0;--awb-spacing-right-small:1.92%;--awb-spacing-left-small:1.92%;\"><div class=\"fusion-column-wrapper fusion-column-has-shadow fusion-flex-justify-content-flex-start fusion-content-layout-column\"><div class=\"fusion-builder-row fusion-builder-row-inner fusion-row fusion-flex-align-items-flex-start fusion-flex-justify-content-center fusion-flex-content-wrap\" style=\"width:104% !important;max-width:104% !important;margin-left: calc(-4% \/ 2 );margin-right: calc(-4% \/ 2 );\"><div class=\"fusion-layout-column fusion_builder_column_inner fusion-builder-nested-column-0 fusion_builder_column_inner_1_2 1_2 fusion-flex-column\" style=\"--awb-bg-size:cover;--awb-width-large:50%;--awb-margin-top-large:0px;--awb-spacing-right-large:3.84%;--awb-margin-bottom-large:0px;--awb-spacing-left-large:3.84%;--awb-width-medium:100%;--awb-order-medium:0;--awb-spacing-right-medium:1.92%;--awb-spacing-left-medium:1.92%;--awb-width-small:100%;--awb-order-small:0;--awb-spacing-right-small:1.92%;--awb-spacing-left-small:1.92%;\"><div class=\"fusion-column-wrapper fusion-column-has-shadow fusion-flex-justify-content-flex-start fusion-content-layout-column\"><div class=\"fusion-title title fusion-title-1 fusion-sep-none fusion-title-text fusion-title-size-one text-mobile-h1\" style=\"--awb-text-color:var(--awb-custom_color_11);--awb-margin-bottom:36px;--awb-margin-bottom-small:24px;--awb-font-size:var(--awb-custom_typography_2-font-size);\"><h1 class=\"fusion-title-heading title-heading-left fusion-responsive-typography-calculated\" style=\"font-family:var(--awb-custom_typography_2-font-family);font-weight:var(--awb-custom_typography_2-font-weight);font-style:var(--awb-custom_typography_2-font-style);margin:0;font-size:1em;letter-spacing:var(--awb-custom_typography_2-letter-spacing);text-transform:var(--awb-custom_typography_2-text-transform);--fontSize:48;line-height:1;\">Om oss<\/h1><\/div><div class=\"fusion-text fusion-text-1 fusion-text-no-margin text-mobile-ingress\" style=\"--awb-font-size:var(--awb-custom_typography_4-font-size);--awb-line-height:var(--awb-custom_typography_4-line-height);--awb-letter-spacing:var(--awb-custom_typography_4-letter-spacing);--awb-text-transform:var(--awb-custom_typography_4-text-transform);--awb-margin-bottom:32px;--awb-text-font-family:var(--awb-custom_typography_4-font-family);--awb-text-font-weight:var(--awb-custom_typography_4-font-weight);--awb-text-font-style:var(--awb-custom_typography_4-font-style);\"><p>St\u00e5l &amp;amp; R\u00f6rmontage \u00e4r en erfaren leverant\u00f6r av kvalificerade st\u00e5lkonstruktioner. Fr\u00e5n beredning och tillverkning till montage p\u00e5 plats med hela v\u00e4rlden som arbetsplats.<\/p>\n<\/div><\/div><\/div><div class=\"fusion-layout-column fusion_builder_column_inner fusion-builder-nested-column-1 fusion_builder_column_inner_1_2 1_2 fusion-flex-column\" style=\"--awb-padding-left-small:0px;--awb-bg-size:cover;--awb-width-large:50%;--awb-margin-top-large:0px;--awb-spacing-right-large:3.84%;--awb-margin-bottom-large:0px;--awb-spacing-left-large:3.84%;--awb-width-medium:100%;--awb-order-medium:0;--awb-spacing-right-medium:1.92%;--awb-spacing-left-medium:1.92%;--awb-width-small:100%;--awb-order-small:0;--awb-spacing-right-small:1.92%;--awb-spacing-left-small:1.92%;\"><div class=\"fusion-column-wrapper fusion-column-has-shadow fusion-flex-justify-content-flex-start fusion-content-layout-column\"><div class=\"fusion-image-element \" style=\"text-align:right;--awb-caption-title-font-family:var(--h2_typography-font-family);--awb-caption-title-font-weight:var(--h2_typography-font-weight);--awb-caption-title-font-style:var(--h2_typography-font-style);--awb-caption-title-size:var(--h2_typography-font-size);--awb-caption-title-transform:var(--h2_typography-text-transform);--awb-caption-title-line-height:var(--h2_typography-line-height);--awb-caption-title-letter-spacing:var(--h2_typography-letter-spacing);\"><span class=\" fusion-imageframe imageframe-none imageframe-1 hover-type-none\"><img decoding=\"async\" width=\"1024\" height=\"768\" title=\"SRM_om-oss\" src=\"https:\/\/staging.srmab.com\/wp-content\/uploads\/2024\/01\/SRM_om-oss-1024x768.jpg\" alt class=\"img-responsive wp-image-1773\" srcset=\"https:\/\/staging.srmab.com\/wp-content\/uploads\/2024\/01\/SRM_om-oss-200x150.jpg 200w, https:\/\/staging.srmab.com\/wp-content\/uploads\/2024\/01\/SRM_om-oss-400x300.jpg 400w, https:\/\/staging.srmab.com\/wp-content\/uploads\/2024\/01\/SRM_om-oss-600x450.jpg 600w, https:\/\/staging.srmab.com\/wp-content\/uploads\/2024\/01\/SRM_om-oss-800x600.jpg 800w, https:\/\/staging.srmab.com\/wp-content\/uploads\/2024\/01\/SRM_om-oss-1200x900.jpg 1200w, https:\/\/staging.srmab.com\/wp-content\/uploads\/2024\/01\/SRM_om-oss.jpg 1800w\" sizes=\"(max-width: 640px) 100vw, 1200px\" \/><\/span><\/div><\/div><\/div><\/div><\/div><\/div><\/div><\/div>\n","protected":false},"excerpt":{"rendered":"","protected":false},"author":3,"featured_media":0,"parent":0,"menu_order":0,"comment_status":"closed","ping_status":"closed","template":"100-width.php","meta":{"footnotes":""},"class_list":["post-2305","page","type-page","status-publish","hentry"],"acf":[],"yoast_head":"<!-- This site is optimized with the Yoast SEO plugin v22.0 - https:\/\/yoast.com\/wordpress\/plugins\/seo\/ -->\n<title>Home - St\u00e5l &amp; r\u00f6rmontage i S\u00f6lvesborg<\/title>\n<meta name=\"robots\" content=\"noindex, follow, max-snippet:-1, max-image-preview:large, max-video-preview:-1\" \/>\n<meta property=\"og:locale\" content=\"en_US\" \/>\n<meta property=\"og:type\" content=\"article\" \/>\n<meta property=\"og:title\" content=\"Home - St\u00e5l &amp; r\u00f6rmontage i S\u00f6lvesborg\" \/>\n<meta property=\"og:url\" content=\"https:\/\/staging.srmab.com\/en\/\" \/>\n<meta property=\"og:site_name\" content=\"St\u00e5l &amp; r\u00f6rmontage i S\u00f6lvesborg\" \/>\n<meta property=\"article:modified_time\" content=\"2024-02-27T14:19:50+00:00\" \/>\n<meta name=\"twitter:card\" content=\"summary_large_image\" \/>\n<meta name=\"twitter:label1\" content=\"Est. reading time\" \/>\n\t<meta name=\"twitter:data1\" content=\"8 minutes\" \/>\n<script type=\"application\/ld+json\" class=\"yoast-schema-graph\">{\"@context\":\"https:\/\/schema.org\",\"@graph\":[{\"@type\":\"WebPage\",\"@id\":\"https:\/\/staging.srmab.com\/en\/\",\"url\":\"https:\/\/staging.srmab.com\/en\/\",\"name\":\"Home - St\u00e5l &amp; r\u00f6rmontage i S\u00f6lvesborg\",\"isPartOf\":{\"@id\":\"https:\/\/staging.srmab.com\/#website\"},\"datePublished\":\"2024-02-23T12:32:26+00:00\",\"dateModified\":\"2024-02-27T14:19:50+00:00\",\"breadcrumb\":{\"@id\":\"https:\/\/staging.srmab.com\/en\/#breadcrumb\"},\"inLanguage\":\"en-US\",\"potentialAction\":[{\"@type\":\"ReadAction\",\"target\":[\"https:\/\/staging.srmab.com\/en\/\"]}]},{\"@type\":\"BreadcrumbList\",\"@id\":\"https:\/\/staging.srmab.com\/en\/#breadcrumb\",\"itemListElement\":[{\"@type\":\"ListItem\",\"position\":1,\"name\":\"Hem\",\"item\":\"https:\/\/staging.srmab.com\/en\/\"},{\"@type\":\"ListItem\",\"position\":2,\"name\":\"Home\"}]},{\"@type\":\"WebSite\",\"@id\":\"https:\/\/staging.srmab.com\/#website\",\"url\":\"https:\/\/staging.srmab.com\/\",\"name\":\"St\u00e5l &amp; r\u00f6rmontage i S\u00f6lvesborg\",\"description\":\"\",\"potentialAction\":[{\"@type\":\"SearchAction\",\"target\":{\"@type\":\"EntryPoint\",\"urlTemplate\":\"https:\/\/staging.srmab.com\/?s={search_term_string}\"},\"query-input\":\"required name=search_term_string\"}],\"inLanguage\":\"en-US\"}]}<\/script>\n<!-- \/ Yoast SEO plugin. -->","yoast_head_json":{"title":"Home - St\u00e5l &amp; r\u00f6rmontage i S\u00f6lvesborg","robots":{"index":"noindex","follow":"follow","max-snippet":"max-snippet:-1","max-image-preview":"max-image-preview:large","max-video-preview":"max-video-preview:-1"},"og_locale":"en_US","og_type":"article","og_title":"Home - St\u00e5l &amp; r\u00f6rmontage i S\u00f6lvesborg","og_url":"https:\/\/staging.srmab.com\/en\/","og_site_name":"St\u00e5l &amp; r\u00f6rmontage i S\u00f6lvesborg","article_modified_time":"2024-02-27T14:19:50+00:00","twitter_card":"summary_large_image","twitter_misc":{"Est. reading time":"8 minutes"},"schema":{"@context":"https:\/\/schema.org","@graph":[{"@type":"WebPage","@id":"https:\/\/staging.srmab.com\/en\/","url":"https:\/\/staging.srmab.com\/en\/","name":"Home - St\u00e5l &amp; r\u00f6rmontage i S\u00f6lvesborg","isPartOf":{"@id":"https:\/\/staging.srmab.com\/#website"},"datePublished":"2024-02-23T12:32:26+00:00","dateModified":"2024-02-27T14:19:50+00:00","breadcrumb":{"@id":"https:\/\/staging.srmab.com\/en\/#breadcrumb"},"inLanguage":"en-US","potentialAction":[{"@type":"ReadAction","target":["https:\/\/staging.srmab.com\/en\/"]}]},{"@type":"BreadcrumbList","@id":"https:\/\/staging.srmab.com\/en\/#breadcrumb","itemListElement":[{"@type":"ListItem","position":1,"name":"Hem","item":"https:\/\/staging.srmab.com\/en\/"},{"@type":"ListItem","position":2,"name":"Home"}]},{"@type":"WebSite","@id":"https:\/\/staging.srmab.com\/#website","url":"https:\/\/staging.srmab.com\/","name":"St\u00e5l &amp; r\u00f6rmontage i S\u00f6lvesborg","description":"","potentialAction":[{"@type":"SearchAction","target":{"@type":"EntryPoint","urlTemplate":"https:\/\/staging.srmab.com\/?s={search_term_string}"},"query-input":"required name=search_term_string"}],"inLanguage":"en-US"}]}},"_links":{"self":[{"href":"https:\/\/staging.srmab.com\/en\/wp-json\/wp\/v2\/pages\/2305","targetHints":{"allow":["GET"]}}],"collection":[{"href":"https:\/\/staging.srmab.com\/en\/wp-json\/wp\/v2\/pages"}],"about":[{"href":"https:\/\/staging.srmab.com\/en\/wp-json\/wp\/v2\/types\/page"}],"author":[{"embeddable":true,"href":"https:\/\/staging.srmab.com\/en\/wp-json\/wp\/v2\/users\/3"}],"replies":[{"embeddable":true,"href":"https:\/\/staging.srmab.com\/en\/wp-json\/wp\/v2\/comments?post=2305"}],"version-history":[{"count":56,"href":"https:\/\/staging.srmab.com\/en\/wp-json\/wp\/v2\/pages\/2305\/revisions"}],"predecessor-version":[{"id":2523,"href":"https:\/\/staging.srmab.com\/en\/wp-json\/wp\/v2\/pages\/2305\/revisions\/2523"}],"wp:attachment":[{"href":"https:\/\/staging.srmab.com\/en\/wp-json\/wp\/v2\/media?parent=2305"}],"curies":[{"name":"wp","href":"https:\/\/api.w.org\/{rel}","templated":true}]}}